{"id":414,"date":"2017-12-21T09:00:47","date_gmt":"2017-12-21T09:00:47","guid":{"rendered":"https:\/\/akillisehirmobilyalari.com\/index.php\/contact-us\/"},"modified":"2025-04-25T17:19:05","modified_gmt":"2025-04-25T14:19:05","slug":"iletisim","status":"publish","type":"page","link":"https:\/\/akillisehirmobilyalari.com\/en\/iletisim\/","title":{"rendered":"CONTACT"},"content":{"rendered":"\t\t<div data-elementor-type=\"wp-post\" data-elementor-id=\"414\" class=\"elementor elementor-414\">\n\t\t\t\t\t\t<section class=\"elementor-section elementor-top-section elementor-element elementor-element-1af1f79 elementor-section-content-middle elementor-section-height-min-height elementor-section-boxed elementor-section-height-default elementor-section-items-middle\" data-id=\"1af1f79\" data-element_type=\"section\" data-e-type=\"section\" data-settings=\"{&quot;background_background&quot;:&quot;classic&quot;}\">\n\t\t\t\t\t\t\t<div class=\"elementor-background-overlay\"><\/div>\n\t\t\t\t\t\t\t<div class=\"elementor-container elementor-column-gap-no\">\n\t\t\t\t\t<div class=\"elementor-column elementor-col-100 elementor-top-column elementor-element elementor-element-891be56\" data-id=\"891be56\" data-element_type=\"column\" data-e-type=\"column\">\n\t\t\t<div class=\"elementor-widget-wrap\">\n\t\t\t\t\t\t\t<\/div>\n\t\t<\/div>\n\t\t\t\t\t<\/div>\n\t\t<\/section>\n\t\t\t\t<section class=\"elementor-section elementor-top-section elementor-element elementor-element-adcc176 elementor-section-content-top elementor-section-boxed elementor-section-height-default elementor-section-height-default\" data-id=\"adcc176\" data-element_type=\"section\" data-e-type=\"section\">\n\t\t\t\t\t\t<div class=\"elementor-container elementor-column-gap-no\">\n\t\t\t\t\t<div class=\"elementor-column elementor-col-33 elementor-top-column elementor-element elementor-element-a91ad32\" data-id=\"a91ad32\" data-element_type=\"column\" data-e-type=\"column\">\n\t\t\t<div class=\"elementor-widget-wrap elementor-element-populated\">\n\t\t\t\t\t\t<div class=\"elementor-element elementor-element-8465300 elementor-widget elementor-widget-heading\" data-id=\"8465300\" data-element_type=\"widget\" data-e-type=\"widget\" data-widget_type=\"heading.default\">\n\t\t\t\t<div class=\"elementor-widget-container\">\n\t\t\t\t\t<h1 class=\"elementor-heading-title elementor-size-default\">Bize ula\u015f\u0131n - Ak\u0131ll\u0131 \u015eehir, Ak\u0131ll\u0131 Bankla ba\u015flar.<\/h1>\t\t\t\t<\/div>\n\t\t\t\t<\/div>\n\t\t\t\t<div class=\"elementor-element elementor-element-b5a2814 elementor-widget elementor-widget-heading\" data-id=\"b5a2814\" data-element_type=\"widget\" data-e-type=\"widget\" data-widget_type=\"heading.default\">\n\t\t\t\t<div class=\"elementor-widget-container\">\n\t\t\t\t\t<h1 class=\"elementor-heading-title elementor-size-default\">Sorular\u0131n\u0131z ve yorumlar\u0131n\u0131z i\u00e7in bize ula\u015f\u0131n!<\/h1>\t\t\t\t<\/div>\n\t\t\t\t<\/div>\n\t\t\t\t<div class=\"elementor-element elementor-element-37606ce elementor-widget elementor-widget-text-editor\" data-id=\"37606ce\" data-element_type=\"widget\" data-e-type=\"widget\" data-widget_type=\"text-editor.default\">\n\t\t\t\t<div class=\"elementor-widget-container\">\n\t\t\t\t\t\t\t\t\t<p><span style=\"font-style: inherit; letter-spacing: 0px;\"><span style=\"font-weight: inherit;\">\u00a0<\/span><\/span>Whatsapp ve cep telefonu :\u00a0 <b>+90 532 215 00 24<\/b><\/p><p><b><span class=\"Apple-converted-space\">\u00a0<\/span><\/b><\/p><p class=\"p1\">\u00a0<\/p>\t\t\t\t\t\t\t\t<\/div>\n\t\t\t\t<\/div>\n\t\t\t\t\t<\/div>\n\t\t<\/div>\n\t\t\t\t<div class=\"elementor-column elementor-col-66 elementor-top-column elementor-element elementor-element-063df41\" data-id=\"063df41\" data-element_type=\"column\" data-e-type=\"column\" data-settings=\"{&quot;background_background&quot;:&quot;classic&quot;}\">\n\t\t\t<div class=\"elementor-widget-wrap elementor-element-populated\">\n\t\t\t\t\t\t<div class=\"elementor-element elementor-element-a459cbe elementor-widget elementor-widget-wpforms\" data-id=\"a459cbe\" data-element_type=\"widget\" data-e-type=\"widget\" data-widget_type=\"wpforms.default\">\n\t\t\t\t<div class=\"elementor-widget-container\">\n\t\t\t\t\t<div class=\"wpforms-container \" id=\"wpforms-4998\"><form id=\"wpforms-form-4998\" class=\"wpforms-validate wpforms-form\" data-formid=\"4998\" method=\"post\" enctype=\"multipart\/form-data\" action=\"\/en\/wp-json\/wp\/v2\/pages\/414\" data-token=\"47e3da23ef5b34ad4219617cca8b2801\" data-token-time=\"1778854842\"><noscript class=\"wpforms-error-noscript\">Please enable JavaScript in your browser to complete this form.<\/noscript><div class=\"wpforms-field-container\"><div id=\"wpforms-4998-field_3-container\" class=\"wpforms-field wpforms-field-name\" data-field-id=\"3\"><label class=\"wpforms-field-label\" for=\"wpforms-4998-field_3\">\u0130sminiz \/ Your name <span class=\"wpforms-required-label\">*<\/span><\/label><input type=\"text\" id=\"wpforms-4998-field_3\" class=\"wpforms-field-medium wpforms-field-required\" name=\"wpforms[fields][3]\" required><\/div><div id=\"wpforms-4998-field_4-container\" class=\"wpforms-field wpforms-field-number\" data-field-id=\"4\"><label class=\"wpforms-field-label\" for=\"wpforms-4998-field_4\">Telefonunuz \/ Your phone<\/label><input type=\"number\" id=\"wpforms-4998-field_4\" class=\"wpforms-field-medium\" name=\"wpforms[fields][4]\" step=\"any\" ><\/div><div id=\"wpforms-4998-field_1-container\" class=\"wpforms-field wpforms-field-email\" data-field-id=\"1\"><label class=\"wpforms-field-label\" for=\"wpforms-4998-field_1\">E-postan\u0131z \/ Your email <span class=\"wpforms-required-label\">*<\/span><\/label><input type=\"email\" id=\"wpforms-4998-field_1\" class=\"wpforms-field-large wpforms-field-required\" name=\"wpforms[fields][1]\" spellcheck=\"false\" required><\/div><div id=\"wpforms-4998-field_2-container\" class=\"wpforms-field wpforms-field-textarea\" data-field-id=\"2\"><label class=\"wpforms-field-label\" for=\"wpforms-4998-field_2\">Mesaj\u0131n\u0131z \/ Your message <span class=\"wpforms-required-label\">*<\/span><\/label><textarea id=\"wpforms-4998-field_2\" class=\"wpforms-field-medium wpforms-field-required\" name=\"wpforms[fields][2]\" required><\/textarea><\/div><\/div><!-- .wpforms-field-container --><div class=\"wpforms-submit-container\" ><input type=\"hidden\" name=\"wpforms[id]\" value=\"4998\"><input type=\"hidden\" name=\"page_title\" value=\"\"><input type=\"hidden\" name=\"page_url\" value=\"https:\/\/akillisehirmobilyalari.com\/en\/wp-json\/wp\/v2\/pages\/414\"><input type=\"hidden\" name=\"url_referer\" value=\"\"><button type=\"submit\" name=\"wpforms[submit]\" id=\"wpforms-submit-4998\" class=\"wpforms-submit\" data-alt-text=\"g\u00f6nderiliyor... \/ sending...\" data-submit-text=\"G\u00f6nder \/ Send\" aria-live=\"assertive\" value=\"wpforms-submit\">G\u00f6nder \/ Send<\/button><\/div><\/form><\/div>  <!-- .wpforms-container -->\t\t\t\t<\/div>\n\t\t\t\t<\/div>\n\t\t\t\t\t<\/div>\n\t\t<\/div>\n\t\t\t\t\t<\/div>\n\t\t<\/section>\n\t\t\t\t<\/div>\n\t\t","protected":false},"excerpt":{"rendered":"<p>Bize ula\u015f\u0131n &#8211; Ak\u0131ll\u0131 \u015eehir, Ak\u0131ll\u0131 Bankla ba\u015flar. Sorular\u0131n\u0131z ve yorumlar\u0131n\u0131z i\u00e7in bize ula\u015f\u0131n! \u00a0Whatsapp ve cep telefonu :\u00a0 +90 532 215 00 24 \u00a0 \u00a0 Please enable JavaScript in your browser to complete this form.\u0130sminiz \/ Your name *Telefonunuz \/ Your phoneE-postan\u0131z \/ Your email *Mesaj\u0131n\u0131z \/ Your message * G\u00f6nder \/ Send<\/p>","protected":false},"author":1,"featured_media":0,"parent":0,"menu_order":0,"comment_status":"closed","ping_status":"closed","template":"","meta":{"_monsterinsights_skip_tracking":false,"_monsterinsights_sitenote_active":false,"_monsterinsights_sitenote_note":"","_monsterinsights_sitenote_category":0,"site-sidebar-layout":"no-sidebar","site-content-layout":"page-builder","ast-site-content-layout":"default","site-content-style":"default","site-sidebar-style":"default","ast-global-header-display":"","ast-banner-title-visibility":"","ast-main-header-display":"","ast-hfb-above-header-display":"","ast-hfb-below-header-display":"","ast-hfb-mobile-header-display":"","site-post-title":"disabled","ast-breadcrumbs-content":"","ast-featured-img":"disabled","footer-sml-layout":"","ast-disable-related-posts":"","theme-transparent-header-meta":"enabled","adv-header-id-meta":"","stick-header-meta":"","header-above-stick-meta":"","header-main-stick-meta":"","header-below-stick-meta":"","astra-migrate-meta-layouts":"default","ast-page-background-enabled":"default","ast-page-background-meta":{"desktop":{"background-color":"","background-image":"","background-repeat":"repeat","background-position":"center center","background-size":"auto","background-attachment":"scroll","background-type":"","background-media":"","overlay-type":"","overlay-color":"","overlay-opacity":"","overlay-gradient":""},"tablet":{"background-color":"","background-image":"","background-repeat":"repeat","background-position":"center center","background-size":"auto","background-attachment":"scroll","background-type":"","background-media":"","overlay-type":"","overlay-color":"","overlay-opacity":"","overlay-gradient":""},"mobile":{"background-color":"","background-image":"","background-repeat":"repeat","background-position":"center center","background-size":"auto","background-attachment":"scroll","background-type":"","background-media":"","overlay-type":"","overlay-color":"","overlay-opacity":"","overlay-gradient":""}},"ast-content-background-meta":{"desktop":{"background-color":"var(--ast-global-color-5)","background-image":"","background-repeat":"repeat","background-position":"center center","background-size":"auto","background-attachment":"scroll","background-type":"","background-media":"","overlay-type":"","overlay-color":"","overlay-opacity":"","overlay-gradient":""},"tablet":{"background-color":"var(--ast-global-color-5)","background-image":"","background-repeat":"repeat","background-position":"center center","background-size":"auto","background-attachment":"scroll","background-type":"","background-media":"","overlay-type":"","overlay-color":"","overlay-opacity":"","overlay-gradient":""},"mobile":{"background-color":"var(--ast-global-color-5)","background-image":"","background-repeat":"repeat","background-position":"center center","background-size":"auto","background-attachment":"scroll","background-type":"","background-media":"","overlay-type":"","overlay-color":"","overlay-opacity":"","overlay-gradient":""}},"footnotes":""},"class_list":["post-414","page","type-page","status-publish","hentry"],"yoast_head":"<!-- This site is optimized with the Yoast SEO plugin v27.6 - https:\/\/yoast.com\/product\/yoast-seo-wordpress\/ -->\n<title>\u0130LET\u0130\u015e\u0130M | Ak\u0131ll\u0131 \u015eehir, Ak\u0131ll\u0131 Bank&#039;la ba\u015flar<\/title>\n<meta name=\"robots\" content=\"index, follow, max-snippet:-1, max-image-preview:large, max-video-preview:-1\" \/>\n<link rel=\"canonical\" href=\"https:\/\/akillisehirmobilyalari.com\/en\/iletisim\/\" \/>\n<meta property=\"og:locale\" content=\"en_GB\" \/>\n<meta property=\"og:type\" content=\"article\" \/>\n<meta property=\"og:title\" content=\"\u0130LET\u0130\u015e\u0130M | Ak\u0131ll\u0131 \u015eehir, Ak\u0131ll\u0131 Bank&#039;la ba\u015flar\" \/>\n<meta property=\"og:description\" content=\"Bize ula\u015f\u0131n &#8211; Ak\u0131ll\u0131 \u015eehir, Ak\u0131ll\u0131 Bankla ba\u015flar. Sorular\u0131n\u0131z ve yorumlar\u0131n\u0131z i\u00e7in bize ula\u015f\u0131n! \u00a0Whatsapp ve cep telefonu :\u00a0 +90 532 215 00 24 \u00a0 \u00a0 Please enable JavaScript in your browser to complete this form.\u0130sminiz \/ Your name *Telefonunuz \/ Your phoneE-postan\u0131z \/ Your email *Mesaj\u0131n\u0131z \/ Your message * G\u00f6nder \/ Send\" \/>\n<meta property=\"og:url\" content=\"https:\/\/akillisehirmobilyalari.com\/en\/iletisim\/\" \/>\n<meta property=\"og:site_name\" content=\"Ak\u0131ll\u0131 \u015eehir, Ak\u0131ll\u0131 Bank&#039;la ba\u015flar\" \/>\n<meta property=\"article:modified_time\" content=\"2025-04-25T14:19:05+00:00\" \/>\n<meta name=\"twitter:card\" content=\"summary_large_image\" \/>\n<meta name=\"twitter:label1\" content=\"Estimated reading time\" \/>\n\t<meta name=\"twitter:data1\" content=\"1 minute\" \/>\n<script type=\"application\/ld+json\" class=\"yoast-schema-graph\">{\"@context\":\"https:\\\/\\\/schema.org\",\"@graph\":[{\"@type\":\"WebPage\",\"@id\":\"https:\\\/\\\/akillisehirmobilyalari.com\\\/iletisim\\\/\",\"url\":\"https:\\\/\\\/akillisehirmobilyalari.com\\\/iletisim\\\/\",\"name\":\"\u0130LET\u0130\u015e\u0130M | Ak\u0131ll\u0131 \u015eehir, Ak\u0131ll\u0131 Bank&#039;la ba\u015flar\",\"isPartOf\":{\"@id\":\"https:\\\/\\\/akillisehirmobilyalari.com\\\/#website\"},\"datePublished\":\"2017-12-21T09:00:47+00:00\",\"dateModified\":\"2025-04-25T14:19:05+00:00\",\"breadcrumb\":{\"@id\":\"https:\\\/\\\/akillisehirmobilyalari.com\\\/iletisim\\\/#breadcrumb\"},\"inLanguage\":\"en-GB\",\"potentialAction\":[{\"@type\":\"ReadAction\",\"target\":[\"https:\\\/\\\/akillisehirmobilyalari.com\\\/iletisim\\\/\"]}]},{\"@type\":\"BreadcrumbList\",\"@id\":\"https:\\\/\\\/akillisehirmobilyalari.com\\\/iletisim\\\/#breadcrumb\",\"itemListElement\":[{\"@type\":\"ListItem\",\"position\":1,\"name\":\"Home\",\"item\":\"https:\\\/\\\/akillisehirmobilyalari.com\\\/\"},{\"@type\":\"ListItem\",\"position\":2,\"name\":\"\u0130LET\u0130\u015e\u0130M\"}]},{\"@type\":\"WebSite\",\"@id\":\"https:\\\/\\\/akillisehirmobilyalari.com\\\/#website\",\"url\":\"https:\\\/\\\/akillisehirmobilyalari.com\\\/\",\"name\":\"Ak\u0131ll\u0131 \u015eehir | Ak\u0131ll\u0131 Bank\",\"description\":\"Ak\u0131ll\u0131 \u015eehir Mobilyalar\u0131\",\"publisher\":{\"@id\":\"https:\\\/\\\/akillisehirmobilyalari.com\\\/#organization\"},\"potentialAction\":[{\"@type\":\"SearchAction\",\"target\":{\"@type\":\"EntryPoint\",\"urlTemplate\":\"https:\\\/\\\/akillisehirmobilyalari.com\\\/?s={search_term_string}\"},\"query-input\":{\"@type\":\"PropertyValueSpecification\",\"valueRequired\":true,\"valueName\":\"search_term_string\"}}],\"inLanguage\":\"en-GB\"},{\"@type\":\"Organization\",\"@id\":\"https:\\\/\\\/akillisehirmobilyalari.com\\\/#organization\",\"name\":\"Ak\u0131ll\u0131 \u015eehir Mobilyalar\u0131\",\"url\":\"https:\\\/\\\/akillisehirmobilyalari.com\\\/\",\"logo\":{\"@type\":\"ImageObject\",\"inLanguage\":\"en-GB\",\"@id\":\"https:\\\/\\\/akillisehirmobilyalari.com\\\/#\\\/schema\\\/logo\\\/image\\\/\",\"url\":\"https:\\\/\\\/akillisehirmobilyalari.com\\\/wp-content\\\/uploads\\\/2021\\\/04\\\/cropped-saydam.png\",\"contentUrl\":\"https:\\\/\\\/akillisehirmobilyalari.com\\\/wp-content\\\/uploads\\\/2021\\\/04\\\/cropped-saydam.png\",\"width\":750,\"height\":336,\"caption\":\"Ak\u0131ll\u0131 \u015eehir Mobilyalar\u0131\"},\"image\":{\"@id\":\"https:\\\/\\\/akillisehirmobilyalari.com\\\/#\\\/schema\\\/logo\\\/image\\\/\"},\"sameAs\":[\"https:\\\/\\\/www.instagram.com\\\/akillisehirmobilyalari\\\/\"]}]}<\/script>\n<!-- \/ Yoast SEO plugin. -->","yoast_head_json":{"title":"\u0130LET\u0130\u015e\u0130M | Ak\u0131ll\u0131 \u015eehir, Ak\u0131ll\u0131 Bank&#039;la ba\u015flar","robots":{"index":"index","follow":"follow","max-snippet":"max-snippet:-1","max-image-preview":"max-image-preview:large","max-video-preview":"max-video-preview:-1"},"canonical":"https:\/\/akillisehirmobilyalari.com\/en\/iletisim\/","og_locale":"en_GB","og_type":"article","og_title":"\u0130LET\u0130\u015e\u0130M | Ak\u0131ll\u0131 \u015eehir, Ak\u0131ll\u0131 Bank&#039;la ba\u015flar","og_description":"Bize ula\u015f\u0131n &#8211; Ak\u0131ll\u0131 \u015eehir, Ak\u0131ll\u0131 Bankla ba\u015flar. Sorular\u0131n\u0131z ve yorumlar\u0131n\u0131z i\u00e7in bize ula\u015f\u0131n! \u00a0Whatsapp ve cep telefonu :\u00a0 +90 532 215 00 24 \u00a0 \u00a0 Please enable JavaScript in your browser to complete this form.\u0130sminiz \/ Your name *Telefonunuz \/ Your phoneE-postan\u0131z \/ Your email *Mesaj\u0131n\u0131z \/ Your message * G\u00f6nder \/ Send","og_url":"https:\/\/akillisehirmobilyalari.com\/en\/iletisim\/","og_site_name":"Ak\u0131ll\u0131 \u015eehir, Ak\u0131ll\u0131 Bank&#039;la ba\u015flar","article_modified_time":"2025-04-25T14:19:05+00:00","twitter_card":"summary_large_image","twitter_misc":{"Estimated reading time":"1 minute"},"schema":{"@context":"https:\/\/schema.org","@graph":[{"@type":"WebPage","@id":"https:\/\/akillisehirmobilyalari.com\/iletisim\/","url":"https:\/\/akillisehirmobilyalari.com\/iletisim\/","name":"\u0130LET\u0130\u015e\u0130M | Ak\u0131ll\u0131 \u015eehir, Ak\u0131ll\u0131 Bank&#039;la ba\u015flar","isPartOf":{"@id":"https:\/\/akillisehirmobilyalari.com\/#website"},"datePublished":"2017-12-21T09:00:47+00:00","dateModified":"2025-04-25T14:19:05+00:00","breadcrumb":{"@id":"https:\/\/akillisehirmobilyalari.com\/iletisim\/#breadcrumb"},"inLanguage":"en-GB","potentialAction":[{"@type":"ReadAction","target":["https:\/\/akillisehirmobilyalari.com\/iletisim\/"]}]},{"@type":"BreadcrumbList","@id":"https:\/\/akillisehirmobilyalari.com\/iletisim\/#breadcrumb","itemListElement":[{"@type":"ListItem","position":1,"name":"Home","item":"https:\/\/akillisehirmobilyalari.com\/"},{"@type":"ListItem","position":2,"name":"\u0130LET\u0130\u015e\u0130M"}]},{"@type":"WebSite","@id":"https:\/\/akillisehirmobilyalari.com\/#website","url":"https:\/\/akillisehirmobilyalari.com\/","name":"Ak\u0131ll\u0131 \u015eehir | Ak\u0131ll\u0131 Bank","description":"Ak\u0131ll\u0131 \u015eehir Mobilyalar\u0131","publisher":{"@id":"https:\/\/akillisehirmobilyalari.com\/#organization"},"potentialAction":[{"@type":"SearchAction","target":{"@type":"EntryPoint","urlTemplate":"https:\/\/akillisehirmobilyalari.com\/?s={search_term_string}"},"query-input":{"@type":"PropertyValueSpecification","valueRequired":true,"valueName":"search_term_string"}}],"inLanguage":"en-GB"},{"@type":"Organization","@id":"https:\/\/akillisehirmobilyalari.com\/#organization","name":"Ak\u0131ll\u0131 \u015eehir Mobilyalar\u0131","url":"https:\/\/akillisehirmobilyalari.com\/","logo":{"@type":"ImageObject","inLanguage":"en-GB","@id":"https:\/\/akillisehirmobilyalari.com\/#\/schema\/logo\/image\/","url":"https:\/\/akillisehirmobilyalari.com\/wp-content\/uploads\/2021\/04\/cropped-saydam.png","contentUrl":"https:\/\/akillisehirmobilyalari.com\/wp-content\/uploads\/2021\/04\/cropped-saydam.png","width":750,"height":336,"caption":"Ak\u0131ll\u0131 \u015eehir Mobilyalar\u0131"},"image":{"@id":"https:\/\/akillisehirmobilyalari.com\/#\/schema\/logo\/image\/"},"sameAs":["https:\/\/www.instagram.com\/akillisehirmobilyalari\/"]}]}},"_links":{"self":[{"href":"https:\/\/akillisehirmobilyalari.com\/en\/wp-json\/wp\/v2\/pages\/414","targetHints":{"allow":["GET"]}}],"collection":[{"href":"https:\/\/akillisehirmobilyalari.com\/en\/wp-json\/wp\/v2\/pages"}],"about":[{"href":"https:\/\/akillisehirmobilyalari.com\/en\/wp-json\/wp\/v2\/types\/page"}],"author":[{"embeddable":true,"href":"https:\/\/akillisehirmobilyalari.com\/en\/wp-json\/wp\/v2\/users\/1"}],"replies":[{"embeddable":true,"href":"https:\/\/akillisehirmobilyalari.com\/en\/wp-json\/wp\/v2\/comments?post=414"}],"version-history":[{"count":52,"href":"https:\/\/akillisehirmobilyalari.com\/en\/wp-json\/wp\/v2\/pages\/414\/revisions"}],"predecessor-version":[{"id":5982,"href":"https:\/\/akillisehirmobilyalari.com\/en\/wp-json\/wp\/v2\/pages\/414\/revisions\/5982"}],"wp:attachment":[{"href":"https:\/\/akillisehirmobilyalari.com\/en\/wp-json\/wp\/v2\/media?parent=414"}],"curies":[{"name":"wp","href":"https:\/\/api.w.org\/{rel}","templated":true}]}}